{"id":765,"date":"2022-02-23T21:05:43","date_gmt":"2022-02-23T21:05:43","guid":{"rendered":"https:\/\/startersites.io\/stagingfour\/?page_id=765"},"modified":"2026-01-07T12:55:54","modified_gmt":"2026-01-07T11:55:54","slug":"contact","status":"publish","type":"page","link":"http:\/\/www.capsule.hu\/en\/contact\/","title":{"rendered":"Contact"},"content":{"rendered":"<div class=\"wp-block-stackable-spacer stk-block-spacer stk--no-padding stk-block stk-6090630\" data-block-id=\"6090630\"><style>.stk-6090630 {height:50px !important;}<\/style><\/div>\n\n\n\n<div class=\"wp-block-stackable-columns stk-block-columns stk-block stk-a5bc981 ct-special-features\" data-block-id=\"a5bc981\"><style>.stk-a5bc981 {margin-bottom:0px !important;}.stk-a5bc981-column{--stk-column-gap:35px !important;row-gap:35px !important;}<\/style><div class=\"stk-row stk-inner-blocks stk-block-content stk-content-align stk-a5bc981-column\">\n<div class=\"wp-block-stackable-column stk-block-column stk-column stk-block stk-92b5a22 stk-block-background\" data-v=\"4\" data-block-id=\"92b5a22\"><style>.stk-92b5a22-container{margin-top:0px !important;margin-right:0px !important;margin-bottom:0px !important;margin-left:0px !important;}.stk-92b5a22 {background-color:var(--theme-palette-color-8, #ffffff) !important;border-radius:8px !important;overflow:hidden !important;padding-top:80px !important;padding-right:70px !important;padding-bottom:80px !important;padding-left:70px !important;}.stk-92b5a22:hover{background-color:var(--theme-palette-color-1, #e65616) !important;}.stk-92b5a22:before{background-color:var(--theme-palette-color-8, #ffffff) !important;}.stk-92b5a22:hover:before{background-color:var(--theme-palette-color-1, #e65616) !important;}@media screen and (max-width:999px){.stk-92b5a22 {padding-top:40px !important;padding-right:25px !important;padding-bottom:40px !important;padding-left:25px !important;}}<\/style><div class=\"stk-column-wrapper stk-block-column__content stk-container stk-92b5a22-container stk--no-background stk--no-padding\"><div class=\"has-text-align-center stk-block-content stk-inner-blocks stk-92b5a22-inner-blocks\">\n<div class=\"wp-block-stackable-icon stk-block-icon has-text-align-center stk-block stk-d34828e\" data-block-id=\"d34828e\"><style>.stk-d34828e {margin-bottom:30px !important;}.stk-d34828e .stk--svg-wrapper .stk--inner-svg svg:last-child{height:45px !important;width:45px !important;}.stk-d34828e .stk--svg-wrapper .stk--inner-svg svg:last-child, .stk-d34828e .stk--svg-wrapper .stk--inner-svg svg:last-child :is(g, path, rect, polygon, ellipse){fill:var(--theme-palette-color-4, #ffffff) !important;}@media screen and (max-width:999px){.stk-d34828e .stk--svg-wrapper .stk--inner-svg svg:last-child{height:30px !important;width:30px !important;}}<\/style><span class=\"stk--svg-wrapper\"><div class=\"stk--inner-svg\"><svg style=\"height:0;width:0\"><defs><lineargradient id=\"linear-gradient-d34828e\" x1=\"0\" x2=\"100%\" y1=\"0\" y2=\"0\"><stop offset=\"0%\" style=\"stop-opacity:1;stop-color:var(--linear-gradient-d-34828-e-color-1)\"><\/stop><stop offset=\"100%\" style=\"stop-opacity:1;stop-color:var(--linear-gradient-d-34828-e-color-2)\"><\/stop><\/lineargradient><\/defs><\/svg><svg class=\"ugb-custom-icon\" xmlns=\"http:\/\/www.w3.org\/2000\/svg\" viewbox=\"0 0 50 50\" aria-hidden=\"true\" width=\"32\" height=\"32\">\r\n  <path d=\"M50 16.4V8c0-1.2-1-2.2-2.2-2.2H2.2C1 5.8 0 6.8 0 8v34c0 1.2 1 2.2 2.2 2.2h45.6c1.2 0 2.2-1 2.2-2.2V16.6v-.2zm-4.4-6.2v5.1L25 28.3l-20.6-13v-5.1h41.2zM4.4 39.8V20.4l19.4 12.3c.4.2.8.3 1.2.3.4 0 .8-.1 1.2-.3l19.5-12.3v19.4H4.4z\" fill=\"#fff\"\/>\r\n<\/svg><\/div><\/span><\/div>\n\n\n\n<div class=\"wp-block-stackable-heading stk-block-heading stk-block-heading--v2 stk-block stk-9334345\" id=\"email\" data-block-id=\"9334345\"><style>.stk-9334345 {margin-bottom:16px !important;}.stk-9334345 .stk-block-heading__text{font-weight:800 !important;}<\/style><h5 class=\"stk-block-heading__text\">Email<\/h5><\/div>\n\n\n\n<p class=\"has-text-align-center has-palette-color-4-color has-text-color\">hello@capsule.hu<\/p>\n<\/div><\/div><\/div>\n\n\n\n<div class=\"wp-block-stackable-column stk-block-column stk-column stk-block stk-5dedb98 stk-block-background\" data-v=\"4\" data-block-id=\"5dedb98\"><style>.stk-5dedb98-container{margin-top:0px !important;margin-right:0px !important;margin-bottom:0px !important;margin-left:0px !important;}.stk-5dedb98 {background-color:var(--theme-palette-color-8, #ffffff) !important;border-radius:8px !important;overflow:hidden !important;padding-top:80px !important;padding-right:70px !important;padding-bottom:80px !important;padding-left:70px !important;}.stk-5dedb98:hover{background-color:var(--theme-palette-color-1, #e65616) !important;}.stk-5dedb98:before{background-color:var(--theme-palette-color-8, #ffffff) !important;}.stk-5dedb98:hover:before{background-color:var(--theme-palette-color-1, #e65616) !important;}@media screen and (max-width:999px){.stk-5dedb98 {padding-top:40px !important;padding-right:25px !important;padding-bottom:40px !important;padding-left:25px !important;}}<\/style><div class=\"stk-column-wrapper stk-block-column__content stk-container stk-5dedb98-container stk--no-background stk--no-padding\"><div class=\"has-text-align-center stk-block-content stk-inner-blocks stk-5dedb98-inner-blocks\">\n<div class=\"wp-block-stackable-icon stk-block-icon has-text-align-center stk-block stk-a02b7b8\" data-block-id=\"a02b7b8\"><style>.stk-a02b7b8 {margin-bottom:30px !important;}.stk-a02b7b8 .stk--svg-wrapper .stk--inner-svg svg:last-child{height:45px !important;width:45px !important;}.stk-a02b7b8 .stk--svg-wrapper .stk--inner-svg svg:last-child, .stk-a02b7b8 .stk--svg-wrapper .stk--inner-svg svg:last-child :is(g, path, rect, polygon, ellipse){fill:var(--theme-palette-color-4, #ffffff) !important;}@media screen and (max-width:999px){.stk-a02b7b8 .stk--svg-wrapper .stk--inner-svg svg:last-child{height:30px !important;width:30px !important;}}<\/style><span class=\"stk--svg-wrapper\"><div class=\"stk--inner-svg\"><svg style=\"height:0;width:0\"><defs><lineargradient id=\"linear-gradient-a02b7b8\" x1=\"0\" x2=\"100%\" y1=\"0\" y2=\"0\"><stop offset=\"0%\" style=\"stop-opacity:1;stop-color:var(--linear-gradient-a-02-b-7-b-8-color-1)\"><\/stop><stop offset=\"100%\" style=\"stop-opacity:1;stop-color:var(--linear-gradient-a-02-b-7-b-8-color-2)\"><\/stop><\/lineargradient><\/defs><\/svg><svg class=\"ugb-custom-icon\" xmlns=\"http:\/\/www.w3.org\/2000\/svg\" viewbox=\"0 0 50 50\" aria-hidden=\"true\" width=\"32\" height=\"32\">\r\n  <path d=\"M36.9 50c-4.9 0-12.6-2.7-23.4-13.6C6.2 29.1 1.8 22.5.5 16.7-1 10.5 1.4 7.2 2.6 6l4.7-4.7c1.7-1.7 4.5-1.7 6.3 0 .1.1.2.3.3.4l6.8 8.8c1.4 1.8 1.2 4.3-.4 5.9l-2.5 2.5c-.2.3-.3.7-.3 1.1v.2c.1 1.2 2.1 4.8 4.7 7.5 2.7 2.7 6.3 4.7 7.5 4.7h.2c.4.1.8 0 1.1-.3l2.5-2.5c1.6-1.6 4.1-1.7 5.9-.3l8.7 6.8c.9.8 1.5 1.8 1.7 3 .1 1.2-.2 2.3-.9 3.3-.1.1-.2.3-.3.4l-4.7 4.7c-.7.7-2.9 2.5-7 2.5zM10.4 4.2c-.1 0-.1 0-.2.1L5.5 9c-.5.5-2 2.4-1 6.8.8 3.5 3.6 9.3 11.9 17.7 14 14 22.2 13.3 24.5 11l4.7-4.7c.1-.1.1-.3 0-.4L37 32.6c-.1-.1-.3-.1-.4 0L34 35.2c-.1.1-.1.1-.2.1-1.2 1-2.8 1.4-4.3 1.2-2.8-.2-7.3-3.2-10.1-6s-5.8-7.3-6-10.1c-.2-1.5.3-3.1 1.2-4.3 0-.1.1-.1.2-.2l2.6-2.6c.1-.1.1-.2 0-.3l-6.8-8.8h-.2zM4 7.5z\" fill=\"#fff\"\/>\r\n<\/svg><\/div><\/span><\/div>\n\n\n\n<div class=\"wp-block-stackable-heading stk-block-heading stk-block-heading--v2 stk-block stk-583731d\" id=\"telefon\" data-block-id=\"583731d\"><style>.stk-583731d {margin-bottom:16px !important;}.stk-583731d .stk-block-heading__text{font-weight:800 !important;}<\/style><h5 class=\"stk-block-heading__text\">Phone<\/h5><\/div>\n\n\n\n<p class=\"has-text-align-center has-palette-color-4-color has-text-color\">+ 36 20 216 1322<\/p>\n<\/div><\/div><\/div>\n\n\n\n<div class=\"wp-block-stackable-column stk-block-column stk-column stk-block stk-f10d87a stk-block-background\" data-v=\"4\" data-block-id=\"f10d87a\"><style>.stk-f10d87a-container{margin-top:0px !important;margin-right:0px !important;margin-bottom:0px !important;margin-left:0px !important;}.stk-f10d87a {background-color:var(--theme-palette-color-8, #ffffff) !important;border-radius:8px !important;overflow:hidden !important;padding-top:80px !important;padding-right:70px !important;padding-bottom:80px !important;padding-left:70px !important;}.stk-f10d87a:hover{background-color:var(--theme-palette-color-1, #e65616) !important;}.stk-f10d87a:before{background-color:var(--theme-palette-color-8, #ffffff) !important;}.stk-f10d87a:hover:before{background-color:var(--theme-palette-color-1, #e65616) !important;}@media screen and (max-width:999px){.stk-f10d87a {padding-top:40px !important;padding-right:25px !important;padding-bottom:40px !important;padding-left:25px !important;}}<\/style><div class=\"stk-column-wrapper stk-block-column__content stk-container stk-f10d87a-container stk--no-background stk--no-padding\"><div class=\"has-text-align-center stk-block-content stk-inner-blocks stk-f10d87a-inner-blocks\">\n<div class=\"wp-block-stackable-icon stk-block-icon has-text-align-center stk-block stk-20a426b\" data-block-id=\"20a426b\"><style>.stk-20a426b {margin-bottom:30px !important;}.stk-20a426b .stk--svg-wrapper .stk--inner-svg svg:last-child{height:45px !important;width:45px !important;}.stk-20a426b .stk--svg-wrapper .stk--inner-svg svg:last-child, .stk-20a426b .stk--svg-wrapper .stk--inner-svg svg:last-child :is(g, path, rect, polygon, ellipse){fill:var(--theme-palette-color-4, #ffffff) !important;}@media screen and (max-width:999px){.stk-20a426b .stk--svg-wrapper .stk--inner-svg svg:last-child{height:30px !important;width:30px !important;}}<\/style><span class=\"stk--svg-wrapper\"><div class=\"stk--inner-svg\"><svg style=\"height:0;width:0\"><defs><lineargradient id=\"linear-gradient-20a426b\" x1=\"0\" x2=\"100%\" y1=\"0\" y2=\"0\"><stop offset=\"0%\" style=\"stop-opacity:1;stop-color:var(--linear-gradient-20-a-426-b-color-1)\"><\/stop><stop offset=\"100%\" style=\"stop-opacity:1;stop-color:var(--linear-gradient-20-a-426-b-color-2)\"><\/stop><\/lineargradient><\/defs><\/svg><svg xmlns=\"http:\/\/www.w3.org\/2000\/svg\" viewbox=\"0 0 640 512\" aria-hidden=\"true\" width=\"32\" height=\"32\"><path d=\"M96 128a128 128 0 1 1 256 0A128 128 0 1 1 96 128zM0 482.3C0 383.8 79.8 304 178.3 304h91.4C368.2 304 448 383.8 448 482.3c0 16.4-13.3 29.7-29.7 29.7H29.7C13.3 512 0 498.7 0 482.3zM609.3 512H471.4c5.4-9.4 8.6-20.3 8.6-32v-8c0-60.7-27.1-115.2-69.8-151.8c2.4-.1 4.7-.2 7.1-.2h61.4C567.8 320 640 392.2 640 481.3c0 17-13.8 30.7-30.7 30.7zM432 256c-31 0-59-12.6-79.3-32.9C372.4 196.5 384 163.6 384 128c0-26.8-6.6-52.1-18.3-74.3C384.3 40.1 407.2 32 432 32c61.9 0 112 50.1 112 112s-50.1 112-112 112z\"\/><\/svg><\/div><\/span><\/div>\n\n\n\n<div class=\"wp-block-stackable-heading stk-block-heading stk-block-heading--v2 stk-block stk-fa99e11\" id=\"social\" data-block-id=\"fa99e11\"><style>.stk-fa99e11 {margin-bottom:16px !important;}.stk-fa99e11 .stk-block-heading__text{font-weight:800 !important;}<\/style><h5 class=\"stk-block-heading__text\">Social<\/h5><\/div>\n\n\n\n<p class=\"has-text-align-center has-palette-color-4-color has-text-color\">Soon...<\/p>\n<\/div><\/div><\/div>\n<\/div><\/div>\n\n\n\n<div class=\"wp-block-stackable-spacer stk-block-spacer stk--no-padding stk-block stk-6a8268d\" data-block-id=\"6a8268d\"><style>.stk-6a8268d {height:150px !important;}@media screen and (max-width:999px){.stk-6a8268d {height:100px !important;}}@media screen and (max-width:689px){.stk-6a8268d {height:50px !important;}}<\/style><\/div>\n\n\n\n<div class=\"wp-block-stackable-columns stk-block-columns stk-block stk-1dc5942\" data-block-id=\"1dc5942\"><style>.stk-1dc5942 .stk--block-align-1dc5942{align-items:center !important;}.stk-1dc5942 {margin-bottom:0px !important;}.stk-1dc5942-column{--stk-column-gap:35px !important;}<\/style><div class=\"stk-row stk-inner-blocks stk--block-align-1dc5942 stk-block-content stk-content-align stk-1dc5942-column\">\n<div class=\"wp-block-stackable-column stk-block-column stk-column stk-block stk-3b6674e\" data-v=\"4\" data-block-id=\"3b6674e\"><style>.stk-3b6674e-container{margin-top:0px !important;margin-right:0px !important;margin-bottom:0px !important;margin-left:0px !important;}@media screen and (min-width:690px){.stk-3b6674e {flex:var(--stk-flex-grow, 1) 1 calc(45% - var(--stk-column-gap, 0px) * 1 \/ 2 ) !important;}}<\/style><div class=\"stk-column-wrapper stk-block-column__content stk-container stk-3b6674e-container stk--no-background stk--no-padding\"><div class=\"stk-block-content stk-inner-blocks stk-3b6674e-inner-blocks\">\n<figure class=\"wp-block-image size-full has-custom-border is-style-default wp-duotone-unset-1\"><img loading=\"lazy\" decoding=\"async\" width=\"970\" height=\"600\" src=\"https:\/\/www.capsule.hu\/wp-content\/uploads\/2023\/12\/blog-06.jpg\" alt=\"\" class=\"wp-image-1867\" style=\"border-top-left-radius:20px;border-top-right-radius:20px;border-bottom-left-radius:20px;border-bottom-right-radius:20px\" srcset=\"https:\/\/www.capsule.hu\/wp-content\/uploads\/2023\/12\/blog-06.jpg 970w, https:\/\/www.capsule.hu\/wp-content\/uploads\/2023\/12\/blog-06-600x371.jpg 600w, https:\/\/www.capsule.hu\/wp-content\/uploads\/2023\/12\/blog-06-300x186.jpg 300w, https:\/\/www.capsule.hu\/wp-content\/uploads\/2023\/12\/blog-06-768x475.jpg 768w\" sizes=\"auto, (max-width: 970px) 100vw, 970px\" \/><\/figure>\n<\/div><\/div><\/div>\n\n\n\n<div class=\"wp-block-stackable-column stk-block-column stk-column stk-block stk-93c6013\" data-v=\"4\" data-block-id=\"93c6013\"><style>.stk-93c6013-container{margin-top:0px !important;margin-right:0px !important;margin-bottom:0px !important;margin-left:0px !important;}@media screen and (min-width:690px){.stk-93c6013 {flex:var(--stk-flex-grow, 1) 1 calc(55% - var(--stk-column-gap, 0px) * 1 \/ 2 ) !important;}}<\/style><div class=\"stk-column-wrapper stk-block-column__content stk-container stk-93c6013-container stk--no-background stk--no-padding\"><div class=\"has-text-align-center-mobile stk-block-content stk-inner-blocks stk-93c6013-inner-blocks\">\n<div class=\"wp-block-stackable-text stk-block-text stk-block stk-4cd3df7\" data-block-id=\"4cd3df7\"><style>.stk-4cd3df7 {margin-bottom:16px !important;}.stk-4cd3df7 .stk-block-text__text{color:var(--theme-palette-color-1, #e65616) !important;font-weight:900 !important;text-transform:uppercase !important;}<\/style><p class=\"stk-block-text__text has-text-color has-palette-color-1-color has-text-align-center-mobile\"><strong>Contact us for inquiry<\/strong><\/p><\/div>\n\n\n\n<div class=\"wp-block-stackable-heading stk-block-heading stk-block-heading--v2 stk-block stk-409217e\" id=\"strong-beszeljunk-a-projektedrol-strong\" data-block-id=\"409217e\"><style>.stk-409217e {margin-bottom:30px !important;}.stk-409217e .stk-block-heading__text{line-height:1em !important;font-weight:800 !important;}@media screen and (max-width:999px){.stk-409217e .stk-block-heading__text{font-size:40px !important;}}<\/style><h2 class=\"stk-block-heading__text has-text-align-center-mobile\"><strong>Let's discuss your next project<\/strong><\/h2><\/div>\n\n\n\n<div class=\"wp-block-stackable-text stk-block-text stk-block stk-8703991\" data-block-id=\"8703991\"><style>.stk-8703991 {margin-bottom:35px !important;}<\/style><p class=\"stk-block-text__text has-text-align-center-mobile\"><br>Briefly describe the problem you want to solve, the features you need, and your expectations for the finished solution. Whether you\u2019re still in the early idea stage or you already have concrete requirements, the more details you share, the more accurately we can plan the best custom software solution for you\u2014built on artificial intelligence and\/or automation.<\/p><\/div>\n\n\n\n<p><\/p>\n<\/div><\/div><\/div>\n<\/div><\/div>\n\n\n\n<div class=\"wp-block-stackable-spacer stk-block-spacer stk--no-padding stk-block stk-34452c0\" data-block-id=\"34452c0\"><style>.stk-34452c0 {height:50px !important;}<\/style><\/div>","protected":false},"excerpt":{"rendered":"<p>Email hello@capsule.hu Telefon + 36 20 216 1322 Social Hamarosan&#8230; L\u00e9pj vel\u00fcnk kapcsolatba Besz\u00e9lj\u00fcnk a projektedr\u0151l! K\u00e9rj\u00fck, \u00edrd le r\u00f6viden, milyen probl\u00e9m\u00e1t szeretn\u00e9l megoldani, milyen funkci\u00f3kra van sz\u00fcks\u00e9ged, \u00e9s mik az elv\u00e1r\u00e1said a k\u00e9sz megold\u00e1ssal kapcsolatban. Ak\u00e1r egy \u00f6tlet kezdeti f\u00e1zis\u00e1ban vagy, ak\u00e1r m\u00e1r konkr\u00e9t ig\u00e9nyeid vannak \u2013 min\u00e9l t\u00f6bb r\u00e9szletet tudunk, ann\u00e1l pontosabban tudjuk [&hellip;]<\/p>","protected":false},"author":1,"featured_media":0,"parent":0,"menu_order":0,"comment_status":"closed","ping_status":"closed","template":"","meta":{"_themeisle_gutenberg_block_has_review":false,"footnotes":""},"class_list":["post-765","page","type-page","status-publish","hentry"],"blocksy_meta":{"styles_descriptor":{"styles":{"desktop":"","tablet":"","mobile":""},"google_fonts":[],"version":6}},"yoast_head":"<!-- This site is optimized with the Yoast SEO plugin v27.1.1 - https:\/\/yoast.com\/product\/yoast-seo-wordpress\/ -->\n<title>Kapcsolat - Capsule<\/title>\n<meta name=\"robots\" content=\"index, follow, max-snippet:-1, max-image-preview:large, max-video-preview:-1\" \/>\n<link rel=\"canonical\" href=\"https:\/\/www.capsule.hu\/en\/contact\/\" \/>\n<meta property=\"og:locale\" content=\"en_GB\" \/>\n<meta property=\"og:type\" content=\"article\" \/>\n<meta property=\"og:title\" content=\"Kapcsolat - Capsule\" \/>\n<meta property=\"og:description\" content=\"Email hello@capsule.hu Telefon + 36 20 216 1322 Social Hamarosan&#8230; L\u00e9pj vel\u00fcnk kapcsolatba Besz\u00e9lj\u00fcnk a projektedr\u0151l! K\u00e9rj\u00fck, \u00edrd le r\u00f6viden, milyen probl\u00e9m\u00e1t szeretn\u00e9l megoldani, milyen funkci\u00f3kra van sz\u00fcks\u00e9ged, \u00e9s mik az elv\u00e1r\u00e1said a k\u00e9sz megold\u00e1ssal kapcsolatban. Ak\u00e1r egy \u00f6tlet kezdeti f\u00e1zis\u00e1ban vagy, ak\u00e1r m\u00e1r konkr\u00e9t ig\u00e9nyeid vannak \u2013 min\u00e9l t\u00f6bb r\u00e9szletet tudunk, ann\u00e1l pontosabban tudjuk [&hellip;]\" \/>\n<meta property=\"og:url\" content=\"https:\/\/www.capsule.hu\/en\/contact\/\" \/>\n<meta property=\"og:site_name\" content=\"Capsule\" \/>\n<meta property=\"article:modified_time\" content=\"2026-01-07T11:55:54+00:00\" \/>\n<meta property=\"og:image\" content=\"https:\/\/www.capsule.hu\/wp-content\/uploads\/2023\/12\/blog-06.jpg\" \/>\n\t<meta property=\"og:image:width\" content=\"970\" \/>\n\t<meta property=\"og:image:height\" content=\"600\" \/>\n\t<meta property=\"og:image:type\" content=\"image\/jpeg\" \/>\n<meta name=\"twitter:card\" content=\"summary_large_image\" \/>\n<script type=\"application\/ld+json\" class=\"yoast-schema-graph\">{\"@context\":\"https:\/\/schema.org\",\"@graph\":[{\"@type\":\"WebPage\",\"@id\":\"https:\/\/www.capsule.hu\/contact\/\",\"url\":\"https:\/\/www.capsule.hu\/contact\/\",\"name\":\"Kapcsolat - Capsule\",\"isPartOf\":{\"@id\":\"https:\/\/www.capsule.hu\/#website\"},\"primaryImageOfPage\":{\"@id\":\"https:\/\/www.capsule.hu\/contact\/#primaryimage\"},\"image\":{\"@id\":\"https:\/\/www.capsule.hu\/contact\/#primaryimage\"},\"thumbnailUrl\":\"https:\/\/www.capsule.hu\/wp-content\/uploads\/2023\/12\/blog-06.jpg\",\"datePublished\":\"2022-02-23T21:05:43+00:00\",\"dateModified\":\"2026-01-07T11:55:54+00:00\",\"breadcrumb\":{\"@id\":\"https:\/\/www.capsule.hu\/contact\/#breadcrumb\"},\"inLanguage\":\"en-GB\",\"potentialAction\":[{\"@type\":\"ReadAction\",\"target\":[\"https:\/\/www.capsule.hu\/contact\/\"]}]},{\"@type\":\"ImageObject\",\"inLanguage\":\"en-GB\",\"@id\":\"https:\/\/www.capsule.hu\/contact\/#primaryimage\",\"url\":\"https:\/\/www.capsule.hu\/wp-content\/uploads\/2023\/12\/blog-06.jpg\",\"contentUrl\":\"https:\/\/www.capsule.hu\/wp-content\/uploads\/2023\/12\/blog-06.jpg\"},{\"@type\":\"BreadcrumbList\",\"@id\":\"https:\/\/www.capsule.hu\/contact\/#breadcrumb\",\"itemListElement\":[{\"@type\":\"ListItem\",\"position\":1,\"name\":\"Home\",\"item\":\"https:\/\/www.capsule.hu\/\"},{\"@type\":\"ListItem\",\"position\":2,\"name\":\"Kapcsolat\"}]},{\"@type\":\"WebSite\",\"@id\":\"https:\/\/www.capsule.hu\/#website\",\"url\":\"https:\/\/www.capsule.hu\/\",\"name\":\"Capsule\",\"description\":\"okos megold\u00e1sok, egy kapszul\u00e1ban\",\"publisher\":{\"@id\":\"https:\/\/www.capsule.hu\/#organization\"},\"potentialAction\":[{\"@type\":\"SearchAction\",\"target\":{\"@type\":\"EntryPoint\",\"urlTemplate\":\"https:\/\/www.capsule.hu\/?s={search_term_string}\"},\"query-input\":{\"@type\":\"PropertyValueSpecification\",\"valueRequired\":true,\"valueName\":\"search_term_string\"}}],\"inLanguage\":\"en-GB\"},{\"@type\":\"Organization\",\"@id\":\"https:\/\/www.capsule.hu\/#organization\",\"name\":\"Capsule\",\"url\":\"https:\/\/www.capsule.hu\/\",\"logo\":{\"@type\":\"ImageObject\",\"inLanguage\":\"en-GB\",\"@id\":\"https:\/\/www.capsule.hu\/#\/schema\/logo\/image\/\",\"url\":\"https:\/\/www.capsule.hu\/wp-content\/uploads\/2023\/12\/Capsule-1.png\",\"contentUrl\":\"https:\/\/www.capsule.hu\/wp-content\/uploads\/2023\/12\/Capsule-1.png\",\"width\":519,\"height\":136,\"caption\":\"Capsule\"},\"image\":{\"@id\":\"https:\/\/www.capsule.hu\/#\/schema\/logo\/image\/\"}}]}<\/script>\n<!-- \/ Yoast SEO plugin. -->","yoast_head_json":{"title":"Kapcsolat - Capsule","robots":{"index":"index","follow":"follow","max-snippet":"max-snippet:-1","max-image-preview":"max-image-preview:large","max-video-preview":"max-video-preview:-1"},"canonical":"https:\/\/www.capsule.hu\/en\/contact\/","og_locale":"en_GB","og_type":"article","og_title":"Kapcsolat - Capsule","og_description":"Email hello@capsule.hu Telefon + 36 20 216 1322 Social Hamarosan&#8230; L\u00e9pj vel\u00fcnk kapcsolatba Besz\u00e9lj\u00fcnk a projektedr\u0151l! K\u00e9rj\u00fck, \u00edrd le r\u00f6viden, milyen probl\u00e9m\u00e1t szeretn\u00e9l megoldani, milyen funkci\u00f3kra van sz\u00fcks\u00e9ged, \u00e9s mik az elv\u00e1r\u00e1said a k\u00e9sz megold\u00e1ssal kapcsolatban. Ak\u00e1r egy \u00f6tlet kezdeti f\u00e1zis\u00e1ban vagy, ak\u00e1r m\u00e1r konkr\u00e9t ig\u00e9nyeid vannak \u2013 min\u00e9l t\u00f6bb r\u00e9szletet tudunk, ann\u00e1l pontosabban tudjuk [&hellip;]","og_url":"https:\/\/www.capsule.hu\/en\/contact\/","og_site_name":"Capsule","article_modified_time":"2026-01-07T11:55:54+00:00","og_image":[{"width":970,"height":600,"url":"https:\/\/www.capsule.hu\/wp-content\/uploads\/2023\/12\/blog-06.jpg","type":"image\/jpeg"}],"twitter_card":"summary_large_image","schema":{"@context":"https:\/\/schema.org","@graph":[{"@type":"WebPage","@id":"https:\/\/www.capsule.hu\/contact\/","url":"https:\/\/www.capsule.hu\/contact\/","name":"Kapcsolat - Capsule","isPartOf":{"@id":"https:\/\/www.capsule.hu\/#website"},"primaryImageOfPage":{"@id":"https:\/\/www.capsule.hu\/contact\/#primaryimage"},"image":{"@id":"https:\/\/www.capsule.hu\/contact\/#primaryimage"},"thumbnailUrl":"https:\/\/www.capsule.hu\/wp-content\/uploads\/2023\/12\/blog-06.jpg","datePublished":"2022-02-23T21:05:43+00:00","dateModified":"2026-01-07T11:55:54+00:00","breadcrumb":{"@id":"https:\/\/www.capsule.hu\/contact\/#breadcrumb"},"inLanguage":"en-GB","potentialAction":[{"@type":"ReadAction","target":["https:\/\/www.capsule.hu\/contact\/"]}]},{"@type":"ImageObject","inLanguage":"en-GB","@id":"https:\/\/www.capsule.hu\/contact\/#primaryimage","url":"https:\/\/www.capsule.hu\/wp-content\/uploads\/2023\/12\/blog-06.jpg","contentUrl":"https:\/\/www.capsule.hu\/wp-content\/uploads\/2023\/12\/blog-06.jpg"},{"@type":"BreadcrumbList","@id":"https:\/\/www.capsule.hu\/contact\/#breadcrumb","itemListElement":[{"@type":"ListItem","position":1,"name":"Home","item":"https:\/\/www.capsule.hu\/"},{"@type":"ListItem","position":2,"name":"Kapcsolat"}]},{"@type":"WebSite","@id":"https:\/\/www.capsule.hu\/#website","url":"https:\/\/www.capsule.hu\/","name":"Capsule","description":"Smart solutions, encapsulated","publisher":{"@id":"https:\/\/www.capsule.hu\/#organization"},"potentialAction":[{"@type":"SearchAction","target":{"@type":"EntryPoint","urlTemplate":"https:\/\/www.capsule.hu\/?s={search_term_string}"},"query-input":{"@type":"PropertyValueSpecification","valueRequired":true,"valueName":"search_term_string"}}],"inLanguage":"en-GB"},{"@type":"Organization","@id":"https:\/\/www.capsule.hu\/#organization","name":"Capsule","url":"https:\/\/www.capsule.hu\/","logo":{"@type":"ImageObject","inLanguage":"en-GB","@id":"https:\/\/www.capsule.hu\/#\/schema\/logo\/image\/","url":"https:\/\/www.capsule.hu\/wp-content\/uploads\/2023\/12\/Capsule-1.png","contentUrl":"https:\/\/www.capsule.hu\/wp-content\/uploads\/2023\/12\/Capsule-1.png","width":519,"height":136,"caption":"Capsule"},"image":{"@id":"https:\/\/www.capsule.hu\/#\/schema\/logo\/image\/"}}]}},"_links":{"self":[{"href":"http:\/\/www.capsule.hu\/en\/wp-json\/wp\/v2\/pages\/765","targetHints":{"allow":["GET"]}}],"collection":[{"href":"http:\/\/www.capsule.hu\/en\/wp-json\/wp\/v2\/pages"}],"about":[{"href":"http:\/\/www.capsule.hu\/en\/wp-json\/wp\/v2\/types\/page"}],"author":[{"embeddable":true,"href":"http:\/\/www.capsule.hu\/en\/wp-json\/wp\/v2\/users\/1"}],"replies":[{"embeddable":true,"href":"http:\/\/www.capsule.hu\/en\/wp-json\/wp\/v2\/comments?post=765"}],"version-history":[{"count":6,"href":"http:\/\/www.capsule.hu\/en\/wp-json\/wp\/v2\/pages\/765\/revisions"}],"predecessor-version":[{"id":2585,"href":"http:\/\/www.capsule.hu\/en\/wp-json\/wp\/v2\/pages\/765\/revisions\/2585"}],"wp:attachment":[{"href":"http:\/\/www.capsule.hu\/en\/wp-json\/wp\/v2\/media?parent=765"}],"curies":[{"name":"wp","href":"https:\/\/api.w.org\/{rel}","templated":true}]}}