{"id":3,"date":"2025-01-27T21:46:12","date_gmt":"2025-01-27T20:46:12","guid":{"rendered":"https:\/\/www.capsule.hu\/?page_id=3"},"modified":"2025-09-24T16:48:20","modified_gmt":"2025-09-24T14:48:20","slug":"adatkezelesi-tajekoztato","status":"publish","type":"page","link":"http:\/\/www.capsule.hu\/en\/adatkezelesi-tajekoztato\/","title":{"rendered":"Adatkezel\u00e9si t\u00e1j\u00e9koztat\u00f3"},"content":{"rendered":"<p><strong>Kiad\u00f3:<\/strong> Capsule Consulting Kft.<\/p>\n\n\n\n<p><strong>Sz\u00e9khely:<\/strong> 9011 Gy\u0151r, Sug\u00e1r \u00fat 88\/A<\/p>\n\n\n\n<p><strong>Email:<\/strong> gabor@capsule.hu<\/p>\n\n\n\n<p><strong>Weboldal:<\/strong> https:\/\/www.capsule.hu<\/p>\n\n\n\n<p><strong>Hat\u00e1lyos:<\/strong> 2025. janu\u00e1r 01-t\u0151l<\/p>\n\n\n\n<h3 class=\"wp-block-heading\"><strong>1. Kik vagyunk<\/strong><\/h3>\n\n\n\n<p>A weboldalunk c\u00edme: <a href=\"https:\/\/www.capsule.hu\/en\/\">https:\/\/www.capsule.hu<\/a>. A Capsule Consulting Kft. egy fejleszt\u0151c\u00e9g, amely egyedi szoftver-, AI- \u00e9s ipari automatiz\u00e1l\u00e1si megold\u00e1sokkal foglalkozik.<\/p>\n\n\n\n<h3 class=\"wp-block-heading\"><strong>2. Hozz\u00e1sz\u00f3l\u00e1sok<\/strong><\/h3>\n\n\n\n<p>Ha hozz\u00e1sz\u00f3l\u00e1st k\u00fcldesz a weboldalon, a hozz\u00e1sz\u00f3l\u00e1si \u0171rlapban megadott adatok mellett begy\u0171jtj\u00fck az IP c\u00edmet \u00e9s a b\u00f6ng\u00e9sz\u0151azonos\u00edt\u00f3 karakterl\u00e1ncot is, a k\u00e9retlen tartalmak kisz\u0171r\u00e9se c\u00e9lj\u00e1b\u00f3l.<\/p>\n\n\n\n<p>Ha a Gravatar szolg\u00e1ltat\u00e1s akt\u00edv, egy szem\u00e9lytelen\u00edtett hash karakterl\u00e1ncot tov\u00e1bb\u00edtunk az e-mail c\u00edmedb\u0151l gener\u00e1lva. A Gravatar adatkezel\u00e9si szab\u00e1lyzata itt tal\u00e1lhat\u00f3: <a href=\"https:\/\/automattic.com\/privacy\/\">https:\/\/automattic.com\/privacy\/<\/a>. A hozz\u00e1sz\u00f3l\u00e1s j\u00f3v\u00e1hagy\u00e1sa ut\u00e1n az \u00e1ltalad megadott profilk\u00e9p \u00e9s hozz\u00e1sz\u00f3l\u00e1s nyilv\u00e1nosan megjelenhet.<\/p>\n\n\n\n<h3 class=\"wp-block-heading\"><strong>3. M\u00e9dia<\/strong><\/h3>\n\n\n\n<p>Ha k\u00e9pet t\u00f6ltesz fel a honlapra (pl. felhaszn\u00e1l\u00f3i fi\u00f3kkal), ker\u00fcld a GPS koordin\u00e1t\u00e1kat tartalmaz\u00f3 EXIF-adatok felt\u00f6lt\u00e9s\u00e9t. A honlap l\u00e1togat\u00f3i ezekb\u0151l kinyerhetik a helyadatokat.<\/p>\n\n\n\n<h3 class=\"wp-block-heading\"><strong>4. S\u00fctik (cookie-k)<\/strong><\/h3>\n\n\n\n<ul class=\"wp-block-list\">\n<li><strong>Hozz\u00e1sz\u00f3l\u00e1sok eset\u00e9n:<\/strong> Mentj\u00fck a nevet, e-mail c\u00edmet \u00e9s weboldalt s\u00fctikben a k\u00e9s\u0151bbi k\u00e9nyelmes kit\u00f6lt\u00e9s \u00e9rdek\u00e9ben (1 \u00e9vig).<\/li>\n\n\n\n<li><strong>Bejelentkez\u00e9skor:<\/strong> \u00c1tmeneti s\u00fctik biztos\u00edtj\u00e1k a m\u0171k\u00f6d\u00e9st, majd be\u00e1ll\u00edtjuk a bejelentkez\u00e9si \u00e9s k\u00e9perny\u0151be\u00e1ll\u00edt\u00e1sokat ment\u0151 s\u00fctiket. Ezek 2 napig (vagy \u201cEml\u00e9kezz r\u00e1m\u201d opci\u00f3val 2 h\u00e9tig) maradnak \u00e9rv\u00e9nyben.<\/li>\n\n\n\n<li><strong>Szerkeszt\u00e9skor:<\/strong> Egy napos s\u00fcti j\u00f6n l\u00e9tre, ami az adott bejegyz\u00e9s azonos\u00edt\u00f3j\u00e1t t\u00e1rolja.<\/li>\n<\/ul>\n\n\n\n<h3 class=\"wp-block-heading\"><strong>5. Be\u00e1gyazott tartalmak<\/strong><\/h3>\n\n\n\n<p>A honlapon megjelen\u0151 k\u00fcls\u0151 forr\u00e1sb\u00f3l sz\u00e1rmaz\u00f3 tartalmak (pl. vide\u00f3k, t\u00e9rk\u00e9pek, cikkek) \u00fagy viselkednek, mintha az adott k\u00fcls\u0151 oldalt l\u00e1togatn\u00e1d meg. Ezek adatot gy\u0171jthetnek, s\u00fctiket \u00e1ll\u00edthatnak be, harmadik f\u00e9lt\u0151l sz\u00e1rmaz\u00f3 k\u00f6vet\u0151k\u00f3dokat futtathatnak.<\/p>\n\n\n\n<h3 class=\"wp-block-heading\"><strong>6. Kivel osztjuk meg a felhaszn\u00e1l\u00f3i adatokat<\/strong><\/h3>\n\n\n\n<p>Jelsz\u00f3-vissza\u00e1ll\u00edt\u00e1si k\u00e9r\u00e9s eset\u00e9n az IP c\u00edmed szerepelhet a vissza\u00e1ll\u00edt\u00f3 e-mailben.<\/p>\n\n\n\n<h3 class=\"wp-block-heading\"><strong>7. Mennyi ideig \u0151rizz\u00fck a szem\u00e9lyes adatokat<\/strong><\/h3>\n\n\n\n<ul class=\"wp-block-list\">\n<li>Hozz\u00e1sz\u00f3l\u00e1sok: korl\u00e1tlan ideig megmaradhatnak a moder\u00e1ci\u00f3s logik\u00e1nk miatt.<\/li>\n\n\n\n<li>Regisztr\u00e1lt felhaszn\u00e1l\u00f3k: saj\u00e1t profiljukban t\u00e1rolt adatokat b\u00e1rmikor megtekinthetik, m\u00f3dos\u00edthatj\u00e1k, t\u00f6r\u00f6lhetik (a felhaszn\u00e1l\u00f3n\u00e9v kiv\u00e9tel\u00e9vel). Az adminisztr\u00e1torok is hozz\u00e1f\u00e9rnek ezekhez.<\/li>\n<\/ul>\n\n\n\n<h3 class=\"wp-block-heading\"><strong>8. A felhaszn\u00e1l\u00f3k jogai<\/strong><\/h3>\n\n\n\n<p>B\u00e1rmely l\u00e1togat\u00f3 k\u00e9rheti:<\/p>\n\n\n\n<ul class=\"wp-block-list\">\n<li>Az \u00e1ltalunk kezelt szem\u00e9lyes adatai exportj\u00e1t;<\/li>\n\n\n\n<li>Az adatainak t\u00f6rl\u00e9s\u00e9t.<\/li>\n<\/ul>\n\n\n\n<p>Ez nem vonatkozik azokra az adatokra, amelyeket jogi, adminisztrat\u00edv vagy biztons\u00e1gi okokb\u00f3l meg kell \u0151rizn\u00fcnk.<\/p>\n\n\n\n<h3 class=\"wp-block-heading\"><strong>9. Adatok tov\u00e1bb\u00edt\u00e1sa<\/strong><\/h3>\n\n\n\n<p>A hozz\u00e1sz\u00f3l\u00e1sokat automatikus spamsz\u0171r\u0151 rendszer is ellen\u0151rizheti.<\/p>\n\n\n\n<hr class=\"wp-block-separator has-alpha-channel-opacity is-style-dots\"\/>\n\n\n\n<p>Ha k\u00e9rd\u00e9sed van az adatkezel\u00e9ssel kapcsolatban, fordulj hozz\u00e1nk bizalommal:<\/p>\n\n\n\n<p>\ud83d\udce7 <strong>gabor@capsule.hu<\/strong><\/p>\n\n\n\n<p>\ud83d\udcde <strong>+36 20 216 1322<\/strong><\/p>","protected":false},"excerpt":{"rendered":"<p>Kiad\u00f3: Capsule Consulting Kft. Sz\u00e9khely: 9011 Gy\u0151r, Sug\u00e1r \u00fat 88\/A Email: gabor@capsule.hu Weboldal: https:\/\/www.capsule.hu Hat\u00e1lyos: 2025. janu\u00e1r 01-t\u0151l 1. Kik vagyunk A weboldalunk c\u00edme: https:\/\/www.capsule.hu. A Capsule Consulting Kft. egy fejleszt\u0151c\u00e9g, amely egyedi szoftver-, AI- \u00e9s ipari automatiz\u00e1l\u00e1si megold\u00e1sokkal foglalkozik. 2. Hozz\u00e1sz\u00f3l\u00e1sok Ha hozz\u00e1sz\u00f3l\u00e1st k\u00fcldesz a weboldalon, a hozz\u00e1sz\u00f3l\u00e1si \u0171rlapban megadott adatok mellett begy\u0171jtj\u00fck az [&hellip;]<\/p>","protected":false},"author":1,"featured_media":0,"parent":0,"menu_order":0,"comment_status":"closed","ping_status":"closed","template":"","meta":{"_themeisle_gutenberg_block_has_review":false,"footnotes":""},"class_list":["post-3","page","type-page","status-publish","hentry"],"blocksy_meta":[],"yoast_head":"<!-- This site is optimized with the Yoast SEO plugin v27.1.1 - https:\/\/yoast.com\/product\/yoast-seo-wordpress\/ -->\n<title>Adatkezel\u00e9si t\u00e1j\u00e9koztat\u00f3 - Capsule<\/title>\n<meta name=\"robots\" content=\"index, follow, max-snippet:-1, max-image-preview:large, max-video-preview:-1\" \/>\n<link rel=\"canonical\" href=\"https:\/\/www.capsule.hu\/en\/?page_id=3\" \/>\n<meta property=\"og:locale\" content=\"en_GB\" \/>\n<meta property=\"og:type\" content=\"article\" \/>\n<meta property=\"og:title\" content=\"Adatkezel\u00e9si t\u00e1j\u00e9koztat\u00f3 - Capsule\" \/>\n<meta property=\"og:description\" content=\"Kiad\u00f3: Capsule Consulting Kft. Sz\u00e9khely: 9011 Gy\u0151r, Sug\u00e1r \u00fat 88\/A Email: gabor@capsule.hu Weboldal: https:\/\/www.capsule.hu Hat\u00e1lyos: 2025. janu\u00e1r 01-t\u0151l 1. Kik vagyunk A weboldalunk c\u00edme: https:\/\/www.capsule.hu. A Capsule Consulting Kft. egy fejleszt\u0151c\u00e9g, amely egyedi szoftver-, AI- \u00e9s ipari automatiz\u00e1l\u00e1si megold\u00e1sokkal foglalkozik. 2. Hozz\u00e1sz\u00f3l\u00e1sok Ha hozz\u00e1sz\u00f3l\u00e1st k\u00fcldesz a weboldalon, a hozz\u00e1sz\u00f3l\u00e1si \u0171rlapban megadott adatok mellett begy\u0171jtj\u00fck az [&hellip;]\" \/>\n<meta property=\"og:url\" content=\"https:\/\/www.capsule.hu\/en\/?page_id=3\" \/>\n<meta property=\"og:site_name\" content=\"Capsule\" \/>\n<meta property=\"article:modified_time\" content=\"2025-09-24T14:48:20+00:00\" \/>\n<meta name=\"twitter:card\" content=\"summary_large_image\" \/>\n<meta name=\"twitter:label1\" content=\"Estimated reading time\" \/>\n\t<meta name=\"twitter:data1\" content=\"3 minutes\" \/>\n<script type=\"application\/ld+json\" class=\"yoast-schema-graph\">{\"@context\":\"https:\/\/schema.org\",\"@graph\":[{\"@type\":\"WebPage\",\"@id\":\"https:\/\/www.capsule.hu\/?page_id=3\",\"url\":\"https:\/\/www.capsule.hu\/?page_id=3\",\"name\":\"Adatkezel\u00e9si t\u00e1j\u00e9koztat\u00f3 - Capsule\",\"isPartOf\":{\"@id\":\"https:\/\/www.capsule.hu\/#website\"},\"datePublished\":\"2025-01-27T20:46:12+00:00\",\"dateModified\":\"2025-09-24T14:48:20+00:00\",\"breadcrumb\":{\"@id\":\"https:\/\/www.capsule.hu\/?page_id=3#breadcrumb\"},\"inLanguage\":\"en-GB\",\"potentialAction\":[{\"@type\":\"ReadAction\",\"target\":[\"https:\/\/www.capsule.hu\/?page_id=3\"]}]},{\"@type\":\"BreadcrumbList\",\"@id\":\"https:\/\/www.capsule.hu\/?page_id=3#breadcrumb\",\"itemListElement\":[{\"@type\":\"ListItem\",\"position\":1,\"name\":\"Home\",\"item\":\"https:\/\/www.capsule.hu\/\"},{\"@type\":\"ListItem\",\"position\":2,\"name\":\"Adatkezel\u00e9si t\u00e1j\u00e9koztat\u00f3\"}]},{\"@type\":\"WebSite\",\"@id\":\"https:\/\/www.capsule.hu\/#website\",\"url\":\"https:\/\/www.capsule.hu\/\",\"name\":\"Capsule\",\"description\":\"okos megold\u00e1sok, egy kapszul\u00e1ban\",\"publisher\":{\"@id\":\"https:\/\/www.capsule.hu\/#organization\"},\"potentialAction\":[{\"@type\":\"SearchAction\",\"target\":{\"@type\":\"EntryPoint\",\"urlTemplate\":\"https:\/\/www.capsule.hu\/?s={search_term_string}\"},\"query-input\":{\"@type\":\"PropertyValueSpecification\",\"valueRequired\":true,\"valueName\":\"search_term_string\"}}],\"inLanguage\":\"en-GB\"},{\"@type\":\"Organization\",\"@id\":\"https:\/\/www.capsule.hu\/#organization\",\"name\":\"Capsule\",\"url\":\"https:\/\/www.capsule.hu\/\",\"logo\":{\"@type\":\"ImageObject\",\"inLanguage\":\"en-GB\",\"@id\":\"https:\/\/www.capsule.hu\/#\/schema\/logo\/image\/\",\"url\":\"https:\/\/www.capsule.hu\/wp-content\/uploads\/2023\/12\/Capsule-1.png\",\"contentUrl\":\"https:\/\/www.capsule.hu\/wp-content\/uploads\/2023\/12\/Capsule-1.png\",\"width\":519,\"height\":136,\"caption\":\"Capsule\"},\"image\":{\"@id\":\"https:\/\/www.capsule.hu\/#\/schema\/logo\/image\/\"}}]}<\/script>\n<!-- \/ Yoast SEO plugin. -->","yoast_head_json":{"title":"Adatkezel\u00e9si t\u00e1j\u00e9koztat\u00f3 - Capsule","robots":{"index":"index","follow":"follow","max-snippet":"max-snippet:-1","max-image-preview":"max-image-preview:large","max-video-preview":"max-video-preview:-1"},"canonical":"https:\/\/www.capsule.hu\/en\/?page_id=3","og_locale":"en_GB","og_type":"article","og_title":"Adatkezel\u00e9si t\u00e1j\u00e9koztat\u00f3 - Capsule","og_description":"Kiad\u00f3: Capsule Consulting Kft. Sz\u00e9khely: 9011 Gy\u0151r, Sug\u00e1r \u00fat 88\/A Email: gabor@capsule.hu Weboldal: https:\/\/www.capsule.hu Hat\u00e1lyos: 2025. janu\u00e1r 01-t\u0151l 1. Kik vagyunk A weboldalunk c\u00edme: https:\/\/www.capsule.hu. A Capsule Consulting Kft. egy fejleszt\u0151c\u00e9g, amely egyedi szoftver-, AI- \u00e9s ipari automatiz\u00e1l\u00e1si megold\u00e1sokkal foglalkozik. 2. Hozz\u00e1sz\u00f3l\u00e1sok Ha hozz\u00e1sz\u00f3l\u00e1st k\u00fcldesz a weboldalon, a hozz\u00e1sz\u00f3l\u00e1si \u0171rlapban megadott adatok mellett begy\u0171jtj\u00fck az [&hellip;]","og_url":"https:\/\/www.capsule.hu\/en\/?page_id=3","og_site_name":"Capsule","article_modified_time":"2025-09-24T14:48:20+00:00","twitter_card":"summary_large_image","twitter_misc":{"Estimated reading time":"3 minutes"},"schema":{"@context":"https:\/\/schema.org","@graph":[{"@type":"WebPage","@id":"https:\/\/www.capsule.hu\/?page_id=3","url":"https:\/\/www.capsule.hu\/?page_id=3","name":"Adatkezel\u00e9si t\u00e1j\u00e9koztat\u00f3 - Capsule","isPartOf":{"@id":"https:\/\/www.capsule.hu\/#website"},"datePublished":"2025-01-27T20:46:12+00:00","dateModified":"2025-09-24T14:48:20+00:00","breadcrumb":{"@id":"https:\/\/www.capsule.hu\/?page_id=3#breadcrumb"},"inLanguage":"en-GB","potentialAction":[{"@type":"ReadAction","target":["https:\/\/www.capsule.hu\/?page_id=3"]}]},{"@type":"BreadcrumbList","@id":"https:\/\/www.capsule.hu\/?page_id=3#breadcrumb","itemListElement":[{"@type":"ListItem","position":1,"name":"Home","item":"https:\/\/www.capsule.hu\/"},{"@type":"ListItem","position":2,"name":"Adatkezel\u00e9si t\u00e1j\u00e9koztat\u00f3"}]},{"@type":"WebSite","@id":"https:\/\/www.capsule.hu\/#website","url":"https:\/\/www.capsule.hu\/","name":"Capsule","description":"Smart solutions, encapsulated","publisher":{"@id":"https:\/\/www.capsule.hu\/#organization"},"potentialAction":[{"@type":"SearchAction","target":{"@type":"EntryPoint","urlTemplate":"https:\/\/www.capsule.hu\/?s={search_term_string}"},"query-input":{"@type":"PropertyValueSpecification","valueRequired":true,"valueName":"search_term_string"}}],"inLanguage":"en-GB"},{"@type":"Organization","@id":"https:\/\/www.capsule.hu\/#organization","name":"Capsule","url":"https:\/\/www.capsule.hu\/","logo":{"@type":"ImageObject","inLanguage":"en-GB","@id":"https:\/\/www.capsule.hu\/#\/schema\/logo\/image\/","url":"https:\/\/www.capsule.hu\/wp-content\/uploads\/2023\/12\/Capsule-1.png","contentUrl":"https:\/\/www.capsule.hu\/wp-content\/uploads\/2023\/12\/Capsule-1.png","width":519,"height":136,"caption":"Capsule"},"image":{"@id":"https:\/\/www.capsule.hu\/#\/schema\/logo\/image\/"}}]}},"_links":{"self":[{"href":"http:\/\/www.capsule.hu\/en\/wp-json\/wp\/v2\/pages\/3","targetHints":{"allow":["GET"]}}],"collection":[{"href":"http:\/\/www.capsule.hu\/en\/wp-json\/wp\/v2\/pages"}],"about":[{"href":"http:\/\/www.capsule.hu\/en\/wp-json\/wp\/v2\/types\/page"}],"author":[{"embeddable":true,"href":"http:\/\/www.capsule.hu\/en\/wp-json\/wp\/v2\/users\/1"}],"replies":[{"embeddable":true,"href":"http:\/\/www.capsule.hu\/en\/wp-json\/wp\/v2\/comments?post=3"}],"version-history":[{"count":4,"href":"http:\/\/www.capsule.hu\/en\/wp-json\/wp\/v2\/pages\/3\/revisions"}],"predecessor-version":[{"id":2562,"href":"http:\/\/www.capsule.hu\/en\/wp-json\/wp\/v2\/pages\/3\/revisions\/2562"}],"wp:attachment":[{"href":"http:\/\/www.capsule.hu\/en\/wp-json\/wp\/v2\/media?parent=3"}],"curies":[{"name":"wp","href":"https:\/\/api.w.org\/{rel}","templated":true}]}}